{"id":28,"date":"2023-05-17T08:29:23","date_gmt":"2023-05-17T08:29:23","guid":{"rendered":"http:\/\/glamour.laiko.pl\/?page_id=28"},"modified":"2024-06-12T08:23:15","modified_gmt":"2024-06-12T08:23:15","slug":"strona-glowna","status":"publish","type":"page","link":"https:\/\/glamour.katowice.pl\/","title":{"rendered":"Strona g\u0142\u00f3wna"},"content":{"rendered":"\n<div class=\"wp-block-cover alignfull is-light hestia-clear-top-padding\"><span aria-hidden=\"true\" class=\"wp-block-cover__background has-white-background-color has-background-dim-100 has-background-dim\"><\/span><div class=\"wp-block-cover__inner-container is-layout-flow wp-block-cover-is-layout-flow\">\n<h2 class=\"wp-block-heading has-text-align-center has-text-color\" style=\"color:#3c4858\">Nasze us\u0142ugi<\/h2>\n\n\n\n<div style=\"height:40px\" aria-hidden=\"true\" class=\"wp-block-spacer\"><\/div>\n\n\n\n<div class=\"wp-block-columns container is-layout-flex wp-container-core-columns-is-layout-1 wp-block-columns-is-layout-flex\">\n<div class=\"wp-block-column is-layout-flow wp-block-column-is-layout-flow\"><div class=\"wp-block-image\">\n<figure class=\"aligncenter size-large\"><img decoding=\"async\" src=\"http:\/\/glamour.laiko.pl\/wp-content\/themes\/hestia\/assets\/img\/feat1.png\" alt=\"\" class=\"wp-image-70\"\/><\/figure><\/div>\n\n\n<h5 class=\"wp-block-heading has-text-align-center has-text-color\" style=\"color:#3c4858;font-size:18px\">Profesjonalne fryzjerstwo damskie<\/h5>\n\n\n\n<p class=\"has-text-align-center has-text-color\" style=\"color:#999999;font-size:14px\">Odpowiednie strzy\u017cenie i modelowanie w\u0142os\u00f3w to dopasowanie do kszta\u0142tu twarzy i sylwetki ,co nadaje efekt oczekiwany przez klienta. Modelowanie pozwalana idealnym wyczesaniu w\u0142os\u00f3w maj\u0105cym na celu nadanie kszta\u0142tu fryzurze. Podczas  us\u0142ugi mo\u017cemy uzyska\u0107  kilka efekt\u00f3w: proste, zwi\u0119kszaj\u0105ce obj\u0119to\u015b\u0107, delikatne fale. Wykonujemy  r\u00f3wnie\u017c wszelkie rodzaje  koloryzacji  w\u0142osa: farbowanie. rozja\u015bnianie, tonowanie. Refleksy, baleja\u017c kt\u00f3re nadaj\u0105 tr\u00f3jwymiarowy efekt w\u0142os\u00f3w.  Tworzenie fryzur okoliczno\u015bciowych na specjalne okazje. Ka\u017cdy klient jest wyj\u0105tkowy jak r\u00f3wnie\u017c  jego w\u0142osy. Doradzamy w doborze piel\u0119gnacji  najlepszymi preparatami. Udzielamy r\u00f3wnie\u017c  wskaz\u00f3wek dotycz\u0105cych post\u0119powania po wykonanej us\u0142udze. <\/p>\n\n\n\n<p><\/p>\n\n\n\n<div style=\"height:25px\" aria-hidden=\"true\" class=\"wp-block-spacer\"><\/div>\n<\/div>\n\n\n\n<div class=\"wp-block-column is-layout-flow wp-block-column-is-layout-flow\"><div class=\"wp-block-image\">\n<figure class=\"aligncenter size-large\"><img decoding=\"async\" src=\"http:\/\/glamour.laiko.pl\/wp-content\/themes\/hestia\/assets\/img\/feat3.png\" alt=\"\" class=\"wp-image-72\"\/><\/figure><\/div>\n\n\n<h5 class=\"wp-block-heading has-text-align-center has-text-color\" style=\"color:#3c4858;font-size:18px\">Profesjonalne fryzjerstwo m\u0119skie<\/h5>\n\n\n\n<p class=\"has-text-align-center has-text-color\" style=\"color:#999999;font-size:14px\">Cover 5- to \u017cel bez amoniaku ,kt\u00f3ry tuszuje siwe w\u0142osy w spos\u00f3b  naturalny. Strzy\u017cenie m\u0119skie &#8211; dobieraj\u0105c fryzur\u0119, fryzjer bierze wiele czynnik\u00f3w pod uwag\u0119, \u0142\u0105cz\u0105c wiele styl\u00f3w od klasycznych po nowoczesne tak aby fryzura wyra\u017ca\u0142a  klienta i podkre\u015bla\u0142a  jego charakter. <\/p>\n\n\n\n<div style=\"height:25px\" aria-hidden=\"true\" class=\"wp-block-spacer\"><\/div>\n<\/div>\n<\/div>\n<\/div><\/div>\n\n\n\n<div class=\"wp-block-columns container is-layout-flex wp-container-core-columns-is-layout-2 wp-block-columns-is-layout-flex\">\n<div class=\"wp-block-column col-md-6 col-md-offset1 is-layout-flow wp-block-column-is-layout-flow\">\n<p><\/p>\n<\/div>\n<\/div>\n","protected":false},"excerpt":{"rendered":"","protected":false},"author":1,"featured_media":0,"parent":0,"menu_order":0,"comment_status":"closed","ping_status":"closed","template":"","meta":{"footnotes":""},"yoast_head":"<!-- This site is optimized with the Yoast SEO plugin v22.8 - https:\/\/yoast.com\/wordpress\/plugins\/seo\/ -->\n<title>Strona g\u0142\u00f3wna - Studio Fryzur GLAMOUR tel.: 32 495 31 01<\/title>\n<meta name=\"description\" content=\"Studio Fryzur Glamour nale\u017cy do grona \u015bci\u015ble wsp\u00f3\u0142pracuj\u0105cych z mark\u0105 Loreal Professionel. Salon Expert to gwarancja najwy\u017cszej jako\u015bci uslug fryzjerskich dzi\u0119ki reguralnym uczestniczeniu w szkoleniu i pokazach. Fryzjerstwo to nasza pasja dzi\u0119ki kt\u00f3rej osi\u0105gn\u0119li\u015bmy mistrza fryzjerstwa.\" \/>\n<meta name=\"robots\" content=\"index, follow, max-snippet:-1, max-image-preview:large, max-video-preview:-1\" \/>\n<link rel=\"canonical\" href=\"https:\/\/glamour.katowice.pl\/\" \/>\n<meta property=\"og:locale\" content=\"pl_PL\" \/>\n<meta property=\"og:type\" content=\"article\" \/>\n<meta property=\"og:title\" content=\"Strona g\u0142\u00f3wna - Studio Fryzur GLAMOUR tel.: 32 495 31 01\" \/>\n<meta property=\"og:description\" content=\"Studio Fryzur Glamour nale\u017cy do grona \u015bci\u015ble wsp\u00f3\u0142pracuj\u0105cych z mark\u0105 Loreal Professionel. Salon Expert to gwarancja najwy\u017cszej jako\u015bci uslug fryzjerskich dzi\u0119ki reguralnym uczestniczeniu w szkoleniu i pokazach. Fryzjerstwo to nasza pasja dzi\u0119ki kt\u00f3rej osi\u0105gn\u0119li\u015bmy mistrza fryzjerstwa.\" \/>\n<meta property=\"og:url\" content=\"https:\/\/glamour.katowice.pl\/\" \/>\n<meta property=\"og:site_name\" content=\"Studio Fryzur GLAMOUR tel.: 32 495 31 01\" \/>\n<meta property=\"article:modified_time\" content=\"2024-06-12T08:23:15+00:00\" \/>\n<meta property=\"og:image\" content=\"http:\/\/glamour.laiko.pl\/wp-content\/themes\/hestia\/assets\/img\/feat1.png\" \/>\n<meta name=\"twitter:card\" content=\"summary_large_image\" \/>\n<meta name=\"twitter:label1\" content=\"Szacowany czas czytania\" \/>\n\t<meta name=\"twitter:data1\" content=\"2 minuty\" \/>\n<script type=\"application\/ld+json\" class=\"yoast-schema-graph\">{\"@context\":\"https:\/\/schema.org\",\"@graph\":[{\"@type\":\"WebPage\",\"@id\":\"https:\/\/glamour.katowice.pl\/\",\"url\":\"https:\/\/glamour.katowice.pl\/\",\"name\":\"Strona g\u0142\u00f3wna - Studio Fryzur GLAMOUR tel.: 32 495 31 01\",\"isPartOf\":{\"@id\":\"https:\/\/glamour.katowice.pl\/#website\"},\"primaryImageOfPage\":{\"@id\":\"https:\/\/glamour.katowice.pl\/#primaryimage\"},\"image\":{\"@id\":\"https:\/\/glamour.katowice.pl\/#primaryimage\"},\"thumbnailUrl\":\"http:\/\/glamour.laiko.pl\/wp-content\/themes\/hestia\/assets\/img\/feat1.png\",\"datePublished\":\"2023-05-17T08:29:23+00:00\",\"dateModified\":\"2024-06-12T08:23:15+00:00\",\"description\":\"Studio Fryzur Glamour nale\u017cy do grona \u015bci\u015ble wsp\u00f3\u0142pracuj\u0105cych z mark\u0105 Loreal Professionel. Salon Expert to gwarancja najwy\u017cszej jako\u015bci uslug fryzjerskich dzi\u0119ki reguralnym uczestniczeniu w szkoleniu i pokazach. Fryzjerstwo to nasza pasja dzi\u0119ki kt\u00f3rej osi\u0105gn\u0119li\u015bmy mistrza fryzjerstwa.\",\"breadcrumb\":{\"@id\":\"https:\/\/glamour.katowice.pl\/#breadcrumb\"},\"inLanguage\":\"pl-PL\",\"potentialAction\":[{\"@type\":\"ReadAction\",\"target\":[\"https:\/\/glamour.katowice.pl\/\"]}]},{\"@type\":\"ImageObject\",\"inLanguage\":\"pl-PL\",\"@id\":\"https:\/\/glamour.katowice.pl\/#primaryimage\",\"url\":\"http:\/\/glamour.laiko.pl\/wp-content\/themes\/hestia\/assets\/img\/feat1.png\",\"contentUrl\":\"http:\/\/glamour.laiko.pl\/wp-content\/themes\/hestia\/assets\/img\/feat1.png\"},{\"@type\":\"BreadcrumbList\",\"@id\":\"https:\/\/glamour.katowice.pl\/#breadcrumb\",\"itemListElement\":[{\"@type\":\"ListItem\",\"position\":1,\"name\":\"Strona g\u0142\u00f3wna\",\"item\":\"https:\/\/glamour.katowice.pl\/\"},{\"@type\":\"ListItem\",\"position\":2,\"name\":\"Strona g\u0142\u00f3wna\"}]},{\"@type\":\"WebSite\",\"@id\":\"https:\/\/glamour.katowice.pl\/#website\",\"url\":\"https:\/\/glamour.katowice.pl\/\",\"name\":\"Studio Fryzur GLAMOUR kom. 668-923-616\",\"description\":\"\",\"publisher\":{\"@id\":\"https:\/\/glamour.katowice.pl\/#organization\"},\"potentialAction\":[{\"@type\":\"SearchAction\",\"target\":{\"@type\":\"EntryPoint\",\"urlTemplate\":\"https:\/\/glamour.katowice.pl\/?s={search_term_string}\"},\"query-input\":\"required name=search_term_string\"}],\"inLanguage\":\"pl-PL\"},{\"@type\":\"Organization\",\"@id\":\"https:\/\/glamour.katowice.pl\/#organization\",\"name\":\"Studio Fryzur GLAMOUR kom. 668-923-616\",\"url\":\"https:\/\/glamour.katowice.pl\/\",\"logo\":{\"@type\":\"ImageObject\",\"inLanguage\":\"pl-PL\",\"@id\":\"https:\/\/glamour.katowice.pl\/#\/schema\/logo\/image\/\",\"url\":\"https:\/\/glamour.katowice.pl\/wp-content\/uploads\/2023\/05\/cropped-Studio_Fryzur_Glamour_Katowice_Logo.png\",\"contentUrl\":\"https:\/\/glamour.katowice.pl\/wp-content\/uploads\/2023\/05\/cropped-Studio_Fryzur_Glamour_Katowice_Logo.png\",\"width\":903,\"height\":687,\"caption\":\"Studio Fryzur GLAMOUR kom. 668-923-616\"},\"image\":{\"@id\":\"https:\/\/glamour.katowice.pl\/#\/schema\/logo\/image\/\"}}]}<\/script>\n<!-- \/ Yoast SEO plugin. -->","yoast_head_json":{"title":"Strona g\u0142\u00f3wna - Studio Fryzur GLAMOUR tel.: 32 495 31 01","description":"Studio Fryzur Glamour nale\u017cy do grona \u015bci\u015ble wsp\u00f3\u0142pracuj\u0105cych z mark\u0105 Loreal Professionel. Salon Expert to gwarancja najwy\u017cszej jako\u015bci uslug fryzjerskich dzi\u0119ki reguralnym uczestniczeniu w szkoleniu i pokazach. Fryzjerstwo to nasza pasja dzi\u0119ki kt\u00f3rej osi\u0105gn\u0119li\u015bmy mistrza fryzjerstwa.","robots":{"index":"index","follow":"follow","max-snippet":"max-snippet:-1","max-image-preview":"max-image-preview:large","max-video-preview":"max-video-preview:-1"},"canonical":"https:\/\/glamour.katowice.pl\/","og_locale":"pl_PL","og_type":"article","og_title":"Strona g\u0142\u00f3wna - Studio Fryzur GLAMOUR tel.: 32 495 31 01","og_description":"Studio Fryzur Glamour nale\u017cy do grona \u015bci\u015ble wsp\u00f3\u0142pracuj\u0105cych z mark\u0105 Loreal Professionel. Salon Expert to gwarancja najwy\u017cszej jako\u015bci uslug fryzjerskich dzi\u0119ki reguralnym uczestniczeniu w szkoleniu i pokazach. Fryzjerstwo to nasza pasja dzi\u0119ki kt\u00f3rej osi\u0105gn\u0119li\u015bmy mistrza fryzjerstwa.","og_url":"https:\/\/glamour.katowice.pl\/","og_site_name":"Studio Fryzur GLAMOUR tel.: 32 495 31 01","article_modified_time":"2024-06-12T08:23:15+00:00","og_image":[{"url":"http:\/\/glamour.laiko.pl\/wp-content\/themes\/hestia\/assets\/img\/feat1.png"}],"twitter_card":"summary_large_image","twitter_misc":{"Szacowany czas czytania":"2 minuty"},"schema":{"@context":"https:\/\/schema.org","@graph":[{"@type":"WebPage","@id":"https:\/\/glamour.katowice.pl\/","url":"https:\/\/glamour.katowice.pl\/","name":"Strona g\u0142\u00f3wna - Studio Fryzur GLAMOUR tel.: 32 495 31 01","isPartOf":{"@id":"https:\/\/glamour.katowice.pl\/#website"},"primaryImageOfPage":{"@id":"https:\/\/glamour.katowice.pl\/#primaryimage"},"image":{"@id":"https:\/\/glamour.katowice.pl\/#primaryimage"},"thumbnailUrl":"http:\/\/glamour.laiko.pl\/wp-content\/themes\/hestia\/assets\/img\/feat1.png","datePublished":"2023-05-17T08:29:23+00:00","dateModified":"2024-06-12T08:23:15+00:00","description":"Studio Fryzur Glamour nale\u017cy do grona \u015bci\u015ble wsp\u00f3\u0142pracuj\u0105cych z mark\u0105 Loreal Professionel. Salon Expert to gwarancja najwy\u017cszej jako\u015bci uslug fryzjerskich dzi\u0119ki reguralnym uczestniczeniu w szkoleniu i pokazach. Fryzjerstwo to nasza pasja dzi\u0119ki kt\u00f3rej osi\u0105gn\u0119li\u015bmy mistrza fryzjerstwa.","breadcrumb":{"@id":"https:\/\/glamour.katowice.pl\/#breadcrumb"},"inLanguage":"pl-PL","potentialAction":[{"@type":"ReadAction","target":["https:\/\/glamour.katowice.pl\/"]}]},{"@type":"ImageObject","inLanguage":"pl-PL","@id":"https:\/\/glamour.katowice.pl\/#primaryimage","url":"http:\/\/glamour.laiko.pl\/wp-content\/themes\/hestia\/assets\/img\/feat1.png","contentUrl":"http:\/\/glamour.laiko.pl\/wp-content\/themes\/hestia\/assets\/img\/feat1.png"},{"@type":"BreadcrumbList","@id":"https:\/\/glamour.katowice.pl\/#breadcrumb","itemListElement":[{"@type":"ListItem","position":1,"name":"Strona g\u0142\u00f3wna","item":"https:\/\/glamour.katowice.pl\/"},{"@type":"ListItem","position":2,"name":"Strona g\u0142\u00f3wna"}]},{"@type":"WebSite","@id":"https:\/\/glamour.katowice.pl\/#website","url":"https:\/\/glamour.katowice.pl\/","name":"Studio Fryzur GLAMOUR kom. 668-923-616","description":"","publisher":{"@id":"https:\/\/glamour.katowice.pl\/#organization"},"potentialAction":[{"@type":"SearchAction","target":{"@type":"EntryPoint","urlTemplate":"https:\/\/glamour.katowice.pl\/?s={search_term_string}"},"query-input":"required name=search_term_string"}],"inLanguage":"pl-PL"},{"@type":"Organization","@id":"https:\/\/glamour.katowice.pl\/#organization","name":"Studio Fryzur GLAMOUR kom. 668-923-616","url":"https:\/\/glamour.katowice.pl\/","logo":{"@type":"ImageObject","inLanguage":"pl-PL","@id":"https:\/\/glamour.katowice.pl\/#\/schema\/logo\/image\/","url":"https:\/\/glamour.katowice.pl\/wp-content\/uploads\/2023\/05\/cropped-Studio_Fryzur_Glamour_Katowice_Logo.png","contentUrl":"https:\/\/glamour.katowice.pl\/wp-content\/uploads\/2023\/05\/cropped-Studio_Fryzur_Glamour_Katowice_Logo.png","width":903,"height":687,"caption":"Studio Fryzur GLAMOUR kom. 668-923-616"},"image":{"@id":"https:\/\/glamour.katowice.pl\/#\/schema\/logo\/image\/"}}]}},"_links":{"self":[{"href":"https:\/\/glamour.katowice.pl\/index.php?rest_route=\/wp\/v2\/pages\/28"}],"collection":[{"href":"https:\/\/glamour.katowice.pl\/index.php?rest_route=\/wp\/v2\/pages"}],"about":[{"href":"https:\/\/glamour.katowice.pl\/index.php?rest_route=\/wp\/v2\/types\/page"}],"author":[{"embeddable":true,"href":"https:\/\/glamour.katowice.pl\/index.php?rest_route=\/wp\/v2\/users\/1"}],"replies":[{"embeddable":true,"href":"https:\/\/glamour.katowice.pl\/index.php?rest_route=%2Fwp%2Fv2%2Fcomments&post=28"}],"version-history":[{"count":6,"href":"https:\/\/glamour.katowice.pl\/index.php?rest_route=\/wp\/v2\/pages\/28\/revisions"}],"predecessor-version":[{"id":115,"href":"https:\/\/glamour.katowice.pl\/index.php?rest_route=\/wp\/v2\/pages\/28\/revisions\/115"}],"wp:attachment":[{"href":"https:\/\/glamour.katowice.pl\/index.php?rest_route=%2Fwp%2Fv2%2Fmedia&parent=28"}],"curies":[{"name":"wp","href":"https:\/\/api.w.org\/{rel}","templated":true}]}}